{"id":2268,"date":"2022-04-24T12:28:30","date_gmt":"2022-04-24T10:28:30","guid":{"rendered":"https:\/\/www.quadrics.eu\/?page_id=2268"},"modified":"2022-04-24T12:29:10","modified_gmt":"2022-04-24T10:29:10","slug":"noc-as-a-service","status":"publish","type":"page","link":"https:\/\/www.quadrics.eu\/es\/productos-y-servicios\/noc-as-a-service\/","title":{"rendered":"NOC as a Service"},"content":{"rendered":"\n<p>Un NOC [<em>Network Operations Center<\/em>], Centro de Operaciones de Red, es un <strong>punto <\/strong><strong>de gesti\u00f3n centralizada donde se supervisan y monitorizan complejas redes IT en r\u00e9gimen 24\u00d77<\/strong>. Cualquier organizaci\u00f3n con infraestructura inform\u00e1tica que requiera alta disponibilidad de servicio \u2014incluyendo comunicaciones, red, servidores, aplicativos y sistemas de gesti\u00f3n de datos\u2014 necesita un NOC.<\/p>\n\n\n\n<p>Los ingenieros que operan un NOC llevan a cabo tareas de supervisi\u00f3n, mantenimiento, an\u00e1lisis y resoluci\u00f3n de problemas de forma continua para <strong>garantizar un funcionamiento <\/strong><strong>sin interrupciones<\/strong><strong> y \u00f3ptimo del servicio<\/strong> \u2014 entendido como infraestructura y aplicativos, en su conjunto.<\/p>\n\n\n\n<p>Establecida la necesidad de tener un NOC, en funci\u00f3n del tama\u00f1o y la organizaci\u00f3n de la organizaci\u00f3n, los ingenieros responsables pueden trabajar desde un NOC independiente y espec\u00edfico \u2014con equipamiento especializado y procedimientos estandarizados y probados\u2014, o bien desde una sala de control incorporada en la sede corporativa correspondiente (normalmente adyacente al CPD<a href=\"#sdfootnote1sym\"><sup>1<\/sup><\/a> local). No obstante, debido a la complejidad y al coste inherente de operar un NOC en las mejores condiciones, <strong>habitualmente resulta m\u00e1s eficiente en coste delegar esta funci\u00f3n cr\u00edtica a un proveedor de servicios especializado en este \u00e1rea<\/strong> y que pueda suplementar al departamento IT de la empresa.<\/p>\n\n\n\n<p><strong>Un servicio NOC externalizado act\u00faa como un centinela siempre alerta y un colaborador inteligente en la protecci\u00f3n continua de la infraestructura y las aplicaciones<\/strong> (incluso los sitios web), de forma que usted pueda centrarse en su negocio \u2026 mientras los profesionales nos encargamos de monitorizar todo lo que lo hace posible.<\/p>\n\n\n\n<p><a href=\"#sdfootnote1anc\">1<\/a>CPD=Centro de Proceso de Datos, tambi\u00e9n llamado <em>Datacenter<\/em>.<\/p>\n","protected":false},"excerpt":{"rendered":"<p>Un NOC [Network Operations Center], Centro de Operaciones de Red, es un punto de gesti\u00f3n centralizada donde se supervisan y monitorizan complejas redes IT en r\u00e9gimen 24\u00d77. Cualquier organizaci\u00f3n con infraestructura inform\u00e1tica que requiera alta disponibilidad de servicio \u2014incluyendo comunicaciones, red, servidores, aplicativos y sistemas de gesti\u00f3n de datos\u2014 necesita un NOC. Los ingenieros que [&hellip;]<\/p>\n","protected":false},"author":1,"featured_media":0,"parent":2003,"menu_order":80,"comment_status":"closed","ping_status":"closed","template":"","meta":[],"_links":{"self":[{"href":"https:\/\/www.quadrics.eu\/es\/wp-json\/wp\/v2\/pages\/2268"}],"collection":[{"href":"https:\/\/www.quadrics.eu\/es\/wp-json\/wp\/v2\/pages"}],"about":[{"href":"https:\/\/www.quadrics.eu\/es\/wp-json\/wp\/v2\/types\/page"}],"author":[{"embeddable":true,"href":"https:\/\/www.quadrics.eu\/es\/wp-json\/wp\/v2\/users\/1"}],"replies":[{"embeddable":true,"href":"https:\/\/www.quadrics.eu\/es\/wp-json\/wp\/v2\/comments?post=2268"}],"version-history":[{"count":1,"href":"https:\/\/www.quadrics.eu\/es\/wp-json\/wp\/v2\/pages\/2268\/revisions"}],"predecessor-version":[{"id":2269,"href":"https:\/\/www.quadrics.eu\/es\/wp-json\/wp\/v2\/pages\/2268\/revisions\/2269"}],"up":[{"embeddable":true,"href":"https:\/\/www.quadrics.eu\/es\/wp-json\/wp\/v2\/pages\/2003"}],"wp:attachment":[{"href":"https:\/\/www.quadrics.eu\/es\/wp-json\/wp\/v2\/media?parent=2268"}],"curies":[{"name":"wp","href":"https:\/\/api.w.org\/{rel}","templated":true}]}}