{"id":2251,"date":"2021-07-14T11:39:00","date_gmt":"2021-07-14T09:39:00","guid":{"rendered":"https:\/\/www.quadrics.eu\/productos-y-servicios\/dc-operation\/"},"modified":"2021-08-09T01:15:32","modified_gmt":"2021-08-08T23:15:32","slug":"dc-operation","status":"publish","type":"page","link":"https:\/\/www.quadrics.eu\/es\/productos-y-servicios\/dc-operation\/","title":{"rendered":"Operaci\u00f3n de CPDs"},"content":{"rendered":"\n<p>El mundo <em>edge computing<\/em>-centric en el que ya vivimos necesita que t\u00e9cnicos reales operen la infrastructura (c\u00f3mputo, redes, almacenamiento) que soportan las operaciones de las empresas <em>data-driven<\/em>.<\/p>\n\n\n\n<p>Nuestros t\u00e9cnicos e ingenieros est\u00e1n formados espec\u00edficamente y certificados conforme a los requisitos de forma que puedan proporcionar un nivel de servicio y calidad \u00f3ptimos, incluso en entornos 24&#215;7 <em>mission-critical<\/em>.<\/p>\n\n\n\n<p><\/p>\n","protected":false},"excerpt":{"rendered":"<p>El mundo edge computing-centric en el que ya vivimos necesita que t\u00e9cnicos reales operen la infrastructura (c\u00f3mputo, redes, almacenamiento) que soportan las operaciones de las empresas data-driven. Nuestros t\u00e9cnicos e ingenieros est\u00e1n formados espec\u00edficamente y certificados conforme a los requisitos de forma que puedan proporcionar un nivel de servicio y calidad \u00f3ptimos, incluso en entornos [&hellip;]<\/p>\n","protected":false},"author":1,"featured_media":0,"parent":2003,"menu_order":24,"comment_status":"closed","ping_status":"closed","template":"","meta":[],"_links":{"self":[{"href":"https:\/\/www.quadrics.eu\/es\/wp-json\/wp\/v2\/pages\/2251"}],"collection":[{"href":"https:\/\/www.quadrics.eu\/es\/wp-json\/wp\/v2\/pages"}],"about":[{"href":"https:\/\/www.quadrics.eu\/es\/wp-json\/wp\/v2\/types\/page"}],"author":[{"embeddable":true,"href":"https:\/\/www.quadrics.eu\/es\/wp-json\/wp\/v2\/users\/1"}],"replies":[{"embeddable":true,"href":"https:\/\/www.quadrics.eu\/es\/wp-json\/wp\/v2\/comments?post=2251"}],"version-history":[{"count":1,"href":"https:\/\/www.quadrics.eu\/es\/wp-json\/wp\/v2\/pages\/2251\/revisions"}],"predecessor-version":[{"id":2253,"href":"https:\/\/www.quadrics.eu\/es\/wp-json\/wp\/v2\/pages\/2251\/revisions\/2253"}],"up":[{"embeddable":true,"href":"https:\/\/www.quadrics.eu\/es\/wp-json\/wp\/v2\/pages\/2003"}],"wp:attachment":[{"href":"https:\/\/www.quadrics.eu\/es\/wp-json\/wp\/v2\/media?parent=2251"}],"curies":[{"name":"wp","href":"https:\/\/api.w.org\/{rel}","templated":true}]}}