{"id":2081,"date":"2021-05-05T02:40:38","date_gmt":"2021-05-05T00:40:38","guid":{"rendered":"https:\/\/www.quadrics.eu\/?page_id=2081"},"modified":"2021-05-18T17:20:41","modified_gmt":"2021-05-18T15:20:41","slug":"mision-vision-valores","status":"publish","type":"page","link":"https:\/\/www.quadrics.eu\/es\/empresa\/mision-vision-valores\/","title":{"rendered":"Misi\u00f3n, Visi\u00f3n, Valores"},"content":{"rendered":"\n<h2><strong>Misi\u00f3n<\/strong><\/h2>\n\n\n\n<p>\u201c<em>To boldly deliver High Performance solutions, even where no one has dared before<\/em>\u201d:  Proporcionar soluciones de alto rendimiento, incluso en campos donde otros no se atrevieron antes<\/p>\n\n\n\n<h2>Visi\u00f3n<\/h2>\n\n\n\n<blockquote class=\"wp-block-quote\"><p><em>The DataCenter is the Next Unit of Compute<\/em>. <\/p><p>&#8220;<em>Software defined, Hardware Accelerated<\/em>&#8220;<\/p><cite>Jensen H Huang, NVIDIA Corporation, 2021<\/cite><\/blockquote>\n\n\n\n<p>\u201c<em>The <strong>DataCenter<\/strong> as the next <strong>Unit of Compute<\/strong><\/em>\u201c, high-performance networking as the datacenter <em>nervous system<\/em>, IBM POWER<span style=\"vertical-align: super; font-size: 60%;\">&reg;<\/span> systems as <em>ganglia<\/em>, complex functions <em>offloading<\/em>, solid-state PCIe-attached memory and multi-tier storage to enable (machine) learning<\/p>\n\n\n\n<p>o, lo que es lo mismo: el DataCenter, la unidad de computaci\u00f3n: networking de alt\u00edsimo rendimiento como sistema nervisio del datacenter; IBM POWER<span style=\"vertical-align: super; font-size: 60%;\">\u00ae<\/span> systems como ganglios, offloading de funciones complejas para conseguir el m\u00e1ximo rendimiento, memoria de estado s\u00f3lido [NVME] conectada mediante buses PCIe y almacenamiento escalable en m\u00faltiples rendimientos para su uso en Machine Learning.<\/p>\n\n\n\n<p><\/p>\n\n\n\n<h2>Valores<\/h2>\n\n\n\n<p>Honestidad e integridad,  trabajo duro, orientaci\u00f3n al cliente<\/p>\n\n\n\n<p>Compromiso, Innovaci\u00f3n, Atrevimiento&#8230;. Tecnolog\u00edas aplicada<\/p>\n\n\n\n<p><\/p>\n","protected":false},"excerpt":{"rendered":"<p>Misi\u00f3n \u201cTo boldly deliver High Performance solutions, even where no one has dared before\u201d: Proporcionar soluciones de alto rendimiento, incluso en campos donde otros no se atrevieron antes Visi\u00f3n The DataCenter is the Next Unit of Compute. &#8220;Software defined, Hardware Accelerated&#8220; Jensen H Huang, NVIDIA Corporation, 2021 \u201cThe DataCenter as the next Unit of Compute\u201c, [&hellip;]<\/p>\n","protected":false},"author":1,"featured_media":0,"parent":2071,"menu_order":2,"comment_status":"closed","ping_status":"closed","template":"","meta":[],"_links":{"self":[{"href":"https:\/\/www.quadrics.eu\/es\/wp-json\/wp\/v2\/pages\/2081"}],"collection":[{"href":"https:\/\/www.quadrics.eu\/es\/wp-json\/wp\/v2\/pages"}],"about":[{"href":"https:\/\/www.quadrics.eu\/es\/wp-json\/wp\/v2\/types\/page"}],"author":[{"embeddable":true,"href":"https:\/\/www.quadrics.eu\/es\/wp-json\/wp\/v2\/users\/1"}],"replies":[{"embeddable":true,"href":"https:\/\/www.quadrics.eu\/es\/wp-json\/wp\/v2\/comments?post=2081"}],"version-history":[{"count":5,"href":"https:\/\/www.quadrics.eu\/es\/wp-json\/wp\/v2\/pages\/2081\/revisions"}],"predecessor-version":[{"id":2210,"href":"https:\/\/www.quadrics.eu\/es\/wp-json\/wp\/v2\/pages\/2081\/revisions\/2210"}],"up":[{"embeddable":true,"href":"https:\/\/www.quadrics.eu\/es\/wp-json\/wp\/v2\/pages\/2071"}],"wp:attachment":[{"href":"https:\/\/www.quadrics.eu\/es\/wp-json\/wp\/v2\/media?parent=2081"}],"curies":[{"name":"wp","href":"https:\/\/api.w.org\/{rel}","templated":true}]}}