{"id":2077,"date":"2021-05-05T02:39:36","date_gmt":"2021-05-05T00:39:36","guid":{"rendered":"https:\/\/www.quadrics.eu\/?page_id=2077"},"modified":"2021-05-18T13:26:38","modified_gmt":"2021-05-18T11:26:38","slug":"sobre-quadrics","status":"publish","type":"page","link":"https:\/\/www.quadrics.eu\/es\/empresa\/sobre-quadrics\/","title":{"rendered":"Sobre Quadrics"},"content":{"rendered":"\n<p>Comenzamos nuestra andadura a principios de 2016, y no hemos dejado de evolucionar desde entonces&#8230;.<\/p>\n\n\n\n<p>Enfocados en el mundo HPC (<em>High Performance Computing<\/em>), nos posicionamos como el proveedor de &#8220;Soluciones de alto rendimiento para todo tipo de empresas&#8221;. Nos definen:<\/p>\n\n\n\n<ul><li>Nuestras <a href=\"https:\/\/www.quadrics.eu\/es\/empresa\/mision-vision-valores\/\">reglas (misi\u00f3n, visi\u00f3n, valores)<\/a> de funcionamiento<\/li><li>Los <a href=\"https:\/\/www.quadrics.eu\/es\/empresa\/alianzas\/\">fabricantes l\u00edderes<\/a> con los que trabajamos<\/li><li>Las acreditaciones y certificaciones que ostentamos<\/li><li>Nuestro modelo de negocio, <strong>centrado en el cliente<\/strong>, pero basado en el canal (v\u00e9anse nuestros acuerdos con mayoristas)  &#8212; de hecho, nuestros or\u00edgenes son &#8220;<em>Pure Play<\/em>&#8221; via canal<\/li><\/ul>\n\n\n\n<p>Preferimos <strong>acompa\u00f1ar a los clientes<\/strong> en todo el proceso: requisitos, arquitectura, despliegue, mantenimiento, soporte y evoluci\u00f3n &#8212;ofrecemos servicios para cada una de esas fases&#8212;, pero tambi\u00e9n podemos trabajar complementando el servicio de los TAC hasta cubrir las necesidades: <a href=\"https:\/\/www.quadrics.eu\/es\/productos-y-servicios\/soporte-expandido\/\">soporte expandido<\/a>.<\/p>\n","protected":false},"excerpt":{"rendered":"<p>Comenzamos nuestra andadura a principios de 2016, y no hemos dejado de evolucionar desde entonces&#8230;. Enfocados en el mundo HPC (High Performance Computing), nos posicionamos como el proveedor de &#8220;Soluciones de alto rendimiento para todo tipo de empresas&#8221;. Nos definen: Nuestras reglas (misi\u00f3n, visi\u00f3n, valores) de funcionamiento Los fabricantes l\u00edderes con los que trabajamos Las [&hellip;]<\/p>\n","protected":false},"author":1,"featured_media":0,"parent":2071,"menu_order":1,"comment_status":"closed","ping_status":"closed","template":"","meta":[],"_links":{"self":[{"href":"https:\/\/www.quadrics.eu\/es\/wp-json\/wp\/v2\/pages\/2077"}],"collection":[{"href":"https:\/\/www.quadrics.eu\/es\/wp-json\/wp\/v2\/pages"}],"about":[{"href":"https:\/\/www.quadrics.eu\/es\/wp-json\/wp\/v2\/types\/page"}],"author":[{"embeddable":true,"href":"https:\/\/www.quadrics.eu\/es\/wp-json\/wp\/v2\/users\/1"}],"replies":[{"embeddable":true,"href":"https:\/\/www.quadrics.eu\/es\/wp-json\/wp\/v2\/comments?post=2077"}],"version-history":[{"count":3,"href":"https:\/\/www.quadrics.eu\/es\/wp-json\/wp\/v2\/pages\/2077\/revisions"}],"predecessor-version":[{"id":2205,"href":"https:\/\/www.quadrics.eu\/es\/wp-json\/wp\/v2\/pages\/2077\/revisions\/2205"}],"up":[{"embeddable":true,"href":"https:\/\/www.quadrics.eu\/es\/wp-json\/wp\/v2\/pages\/2071"}],"wp:attachment":[{"href":"https:\/\/www.quadrics.eu\/es\/wp-json\/wp\/v2\/media?parent=2077"}],"curies":[{"name":"wp","href":"https:\/\/api.w.org\/{rel}","templated":true}]}}