{"id":2071,"date":"2021-05-05T02:37:52","date_gmt":"2021-05-05T00:37:52","guid":{"rendered":"https:\/\/www.quadrics.eu\/?page_id=2071"},"modified":"2021-05-18T12:27:29","modified_gmt":"2021-05-18T10:27:29","slug":"empresa","status":"publish","type":"page","link":"https:\/\/www.quadrics.eu\/es\/empresa\/","title":{"rendered":"Empresa"},"content":{"rendered":"\n<p>Quadrics<span style=\"vertical-align: super; font-size: 60%;\">\u00ae<\/span> es la m\u00e1s reciente incorporaci\u00f3n de nuestro grupo empresarial &#8212;aunque ya cuenta con m\u00e1s de 5 a\u00f1os de historia&#8212;, creada espec\u00edficamente para dar respuesta a la necesidad de servicios especializados detectada en el mercado.<\/p>\n\n\n\n<p>Nuestro enfoque es hol\u00edstico (caracter\u00edstica com\u00fan del grupo al que pertenecemos) y con una apuesta clara y decidida por los est\u00e1ndares y el c\u00f3digo libre: los clientes deben poder elegir los productos que consideren m\u00e1s adecuados de cada fabricante, y usarlos en un despliegue complejo y potente sin &#8220;sorpresas&#8221;.<\/p>\n\n\n\n<p>Nacimos para ser &#8220;brazo armado&#8221; (presencia local) de nuestros fabricantes de referencia, pero nuestro servicio se extiende para dar soporte a las necesidades reales y espec\u00edficas en el \u00e1rea &#8220;HPC&#8221; \/ &#8220;BigData&#8221; &#8212; a la escala que corresponda &#8212; de nuestros clientes: somos &#8220;Alto Rendimiento&#8221;, hecho realidad; aportamos valor en cada paso del proceso de evoluci\u00f3n tecnol\u00f3gica.<\/p>\n","protected":false},"excerpt":{"rendered":"<p>Quadrics\u00ae es la m\u00e1s reciente incorporaci\u00f3n de nuestro grupo empresarial &#8212;aunque ya cuenta con m\u00e1s de 5 a\u00f1os de historia&#8212;, creada espec\u00edficamente para dar respuesta a la necesidad de servicios especializados detectada en el mercado. Nuestro enfoque es hol\u00edstico (caracter\u00edstica com\u00fan del grupo al que pertenecemos) y con una apuesta clara y decidida por los [&hellip;]<\/p>\n","protected":false},"author":1,"featured_media":2168,"parent":0,"menu_order":9,"comment_status":"closed","ping_status":"closed","template":"","meta":[],"_links":{"self":[{"href":"https:\/\/www.quadrics.eu\/es\/wp-json\/wp\/v2\/pages\/2071"}],"collection":[{"href":"https:\/\/www.quadrics.eu\/es\/wp-json\/wp\/v2\/pages"}],"about":[{"href":"https:\/\/www.quadrics.eu\/es\/wp-json\/wp\/v2\/types\/page"}],"author":[{"embeddable":true,"href":"https:\/\/www.quadrics.eu\/es\/wp-json\/wp\/v2\/users\/1"}],"replies":[{"embeddable":true,"href":"https:\/\/www.quadrics.eu\/es\/wp-json\/wp\/v2\/comments?post=2071"}],"version-history":[{"count":3,"href":"https:\/\/www.quadrics.eu\/es\/wp-json\/wp\/v2\/pages\/2071\/revisions"}],"predecessor-version":[{"id":2203,"href":"https:\/\/www.quadrics.eu\/es\/wp-json\/wp\/v2\/pages\/2071\/revisions\/2203"}],"wp:featuredmedia":[{"embeddable":true,"href":"https:\/\/www.quadrics.eu\/es\/wp-json\/wp\/v2\/media\/2168"}],"wp:attachment":[{"href":"https:\/\/www.quadrics.eu\/es\/wp-json\/wp\/v2\/media?parent=2071"}],"curies":[{"name":"wp","href":"https:\/\/api.w.org\/{rel}","templated":true}]}}