{"id":2036,"date":"2021-05-05T02:18:17","date_gmt":"2021-05-05T00:18:17","guid":{"rendered":"https:\/\/www.quadrics.eu\/?page_id=2036"},"modified":"2021-05-21T00:19:23","modified_gmt":"2021-05-20T22:19:23","slug":"ethernet-storage-fabric","status":"publish","type":"page","link":"https:\/\/www.quadrics.eu\/es\/soluciones\/ethernet-storage-fabric\/","title":{"rendered":"Ethernet Storage Fabric"},"content":{"rendered":"\n<p>Ethernet Storage Fabric (ESF) proporciona rendimiento y eficiencia superiores en despliegues de almacenamiento escalable e infraestructura <em>hyperconvergente<\/em>; Aprovecha la velocidad, flexibilidad y ventaja en coste de la tecnolog\u00eda Ethner para proporcionar las bases de la infraestructura de almacenamiento m\u00e1s r\u00e1pida y eficiente del mercado.<\/p>\n\n\n\n<p>ESF utiliza switches dise\u00f1ados y optimizados para proporcionar el m\u00e1ximo nivel de rendimiento y m\u00ednima latencia sin ninguna p\u00e9rdida de paquetes [&#8220;<em>zero packet loss<\/em>&#8220;]&#8230; pero permitiendo usar la misma red tambi\u00e9n para aplicaciones de c\u00f3mputo m\u00e1s convencionales. Adem\u00e1s, se protege la inversi\u00f3n de cara a futuro gracias al soporte nativo de <strong>NVME [over Fabrics],<\/strong> y protoclos de almacenamiento de <strong>ficheros, bloques y objetos<\/strong>.<\/p>\n\n\n\n<p>Nuestro servicio paquetizado le proporciona una instalaci\u00f3n completamente terminada, configurada, ajustada y validada, adem\u00e1s de la formaci\u00f3n necesaria para que su personal le saque el m\u00e1ximo partido a la inversi\u00f3n.<\/p>\n","protected":false},"excerpt":{"rendered":"<p>Ethernet Storage Fabric (ESF) proporciona rendimiento y eficiencia superiores en despliegues de almacenamiento escalable e infraestructura hyperconvergente; Aprovecha la velocidad, flexibilidad y ventaja en coste de la tecnolog\u00eda Ethner para proporcionar las bases de la infraestructura de almacenamiento m\u00e1s r\u00e1pida y eficiente del mercado. ESF utiliza switches dise\u00f1ados y optimizados para proporcionar el m\u00e1ximo nivel [&hellip;]<\/p>\n","protected":false},"author":1,"featured_media":0,"parent":2020,"menu_order":27,"comment_status":"closed","ping_status":"closed","template":"onepage-template.php","meta":[],"_links":{"self":[{"href":"https:\/\/www.quadrics.eu\/es\/wp-json\/wp\/v2\/pages\/2036"}],"collection":[{"href":"https:\/\/www.quadrics.eu\/es\/wp-json\/wp\/v2\/pages"}],"about":[{"href":"https:\/\/www.quadrics.eu\/es\/wp-json\/wp\/v2\/types\/page"}],"author":[{"embeddable":true,"href":"https:\/\/www.quadrics.eu\/es\/wp-json\/wp\/v2\/users\/1"}],"replies":[{"embeddable":true,"href":"https:\/\/www.quadrics.eu\/es\/wp-json\/wp\/v2\/comments?post=2036"}],"version-history":[{"count":2,"href":"https:\/\/www.quadrics.eu\/es\/wp-json\/wp\/v2\/pages\/2036\/revisions"}],"predecessor-version":[{"id":2231,"href":"https:\/\/www.quadrics.eu\/es\/wp-json\/wp\/v2\/pages\/2036\/revisions\/2231"}],"up":[{"embeddable":true,"href":"https:\/\/www.quadrics.eu\/es\/wp-json\/wp\/v2\/pages\/2020"}],"wp:attachment":[{"href":"https:\/\/www.quadrics.eu\/es\/wp-json\/wp\/v2\/media?parent=2036"}],"curies":[{"name":"wp","href":"https:\/\/api.w.org\/{rel}","templated":true}]}}