{"id":2020,"date":"2021-05-05T02:12:04","date_gmt":"2021-05-05T00:12:04","guid":{"rendered":"https:\/\/www.quadrics.eu\/?page_id=2020"},"modified":"2021-05-20T16:20:30","modified_gmt":"2021-05-20T14:20:30","slug":"soluciones","status":"publish","type":"page","link":"https:\/\/www.quadrics.eu\/es\/soluciones\/","title":{"rendered":"Soluciones"},"content":{"rendered":"\n<p>Nuestras soluciones son conjuntos paquetizados de productos y servicios:<\/p>\n\n\n\n<ul><li>Listos para desplegar, en tiempos cortos<sup>(<a href=\"#footnote_2020_01\" name=\"fnid_2020_01\" class=\"footnote-link footnote-identifier-link\" title=\"t&iacute;picamente alrededor de un mes desde la contrataci&oacute;n efectiva, dependiendo de la log&iacute;stica y disponibilidad de componentes, en su caso, por parte de los distribuidores\">1<\/a>)<\/sup><\/li><li>A precio fijo, sin sobrecostes imprevistos<\/li><li>Pre-validados y probados en muchos clientes, para evitar &#8220;sorpresas&#8221;<\/li><\/ul>\n\n\n\n<p>&#8230;pero, consecuentemente con nuestra vocaci\u00f3n de servicio, somos flexibles y abordamos el proyecto con un enfoque hol\u00edstica.<\/p>\n\n<div class=\"cmsplus_footnotes\">\n<ol class=\"footnotes\">\n<li id=footnote_2020_01 class=\"footnote\">t\u00edpicamente alrededor de un mes desde la contrataci\u00f3n efectiva, dependiendo de la log\u00edstica y disponibilidad de componentes, en su caso, por parte de los distribuidores ((<a href=\"#fnid_2020_01\" class=\"footnote-link footnote-back-link\">&#8617;<\/a>))<\/li>\n<\/ol>\n<\/div>\n\n","protected":false},"excerpt":{"rendered":"<p>Nuestras soluciones son conjuntos paquetizados de productos y servicios: Listos para desplegar, en tiempos cortos(1) A precio fijo, sin sobrecostes imprevistos Pre-validados y probados en muchos clientes, para evitar &#8220;sorpresas&#8221; &#8230;pero, consecuentemente con nuestra vocaci\u00f3n de servicio, somos flexibles y abordamos el proyecto con un enfoque hol\u00edstica. t\u00edpicamente alrededor de un mes desde la contrataci\u00f3n [&hellip;]<\/p>\n","protected":false},"author":1,"featured_media":2164,"parent":0,"menu_order":2,"comment_status":"closed","ping_status":"closed","template":"template-parent_page.php","meta":[],"_links":{"self":[{"href":"https:\/\/www.quadrics.eu\/es\/wp-json\/wp\/v2\/pages\/2020"}],"collection":[{"href":"https:\/\/www.quadrics.eu\/es\/wp-json\/wp\/v2\/pages"}],"about":[{"href":"https:\/\/www.quadrics.eu\/es\/wp-json\/wp\/v2\/types\/page"}],"author":[{"embeddable":true,"href":"https:\/\/www.quadrics.eu\/es\/wp-json\/wp\/v2\/users\/1"}],"replies":[{"embeddable":true,"href":"https:\/\/www.quadrics.eu\/es\/wp-json\/wp\/v2\/comments?post=2020"}],"version-history":[{"count":3,"href":"https:\/\/www.quadrics.eu\/es\/wp-json\/wp\/v2\/pages\/2020\/revisions"}],"predecessor-version":[{"id":2229,"href":"https:\/\/www.quadrics.eu\/es\/wp-json\/wp\/v2\/pages\/2020\/revisions\/2229"}],"wp:featuredmedia":[{"embeddable":true,"href":"https:\/\/www.quadrics.eu\/es\/wp-json\/wp\/v2\/media\/2164"}],"wp:attachment":[{"href":"https:\/\/www.quadrics.eu\/es\/wp-json\/wp\/v2\/media?parent=2020"}],"curies":[{"name":"wp","href":"https:\/\/api.w.org\/{rel}","templated":true}]}}