{"id":2018,"date":"2021-05-05T02:11:32","date_gmt":"2021-05-05T00:11:32","guid":{"rendered":"https:\/\/www.quadrics.eu\/?page_id=2018"},"modified":"2021-05-20T02:14:45","modified_gmt":"2021-05-20T00:14:45","slug":"soporte-expandido","status":"publish","type":"page","link":"https:\/\/www.quadrics.eu\/es\/productos-y-servicios\/soporte-expandido\/","title":{"rendered":"Soporte Expandido"},"content":{"rendered":"\n<p>Quadrics definimos &#8220;Soporte Expandido&#8221; como &#8220;el servicio que querr\u00eda recibir del fabricante, si lo consideraran parte de la venta&#8221;.<\/p>\n\n\n\n<p>Conocemos bien el mundo <em>Enterprise<\/em>, y entendemos perfectamente la distancia que puede haber entre lo que el cliente necesita y lo que los fabricantes suelen estar dispuestos a ofrecer. Nuestro servicio est\u00e1 dise\u00f1ado precisamente para resolver esta situaci\u00f3n:<\/p>\n\n\n\n<ul><li>Su departamento de inform\u00e1tica se pone en contacto con nosotros<\/li><li>Nosotros nos responsabilizamos de la resoluci\u00f3n de la incidencia<\/li><li>Nosotros contactamos con el fabricante en su nombre, en su caso<\/li><li>Nosotros les asistimos hasta la resoluci\u00f3n de la incidencia (aunque sea implementando un workaround)<\/li><li>Usted puede continuar dedic\u00e1ndose a su negocio<\/li><\/ul>\n\n\n\n<p>Si le parece &#8220;ciencia ficci\u00f3n&#8221;, no tiene m\u00e1s que ponerse en contacto con nosotros y comprobarlo por usted mismo.<\/p>\n","protected":false},"excerpt":{"rendered":"<p>Quadrics definimos &#8220;Soporte Expandido&#8221; como &#8220;el servicio que querr\u00eda recibir del fabricante, si lo consideraran parte de la venta&#8221;. Conocemos bien el mundo Enterprise, y entendemos perfectamente la distancia que puede haber entre lo que el cliente necesita y lo que los fabricantes suelen estar dispuestos a ofrecer. Nuestro servicio est\u00e1 dise\u00f1ado precisamente para resolver [&hellip;]<\/p>\n","protected":false},"author":1,"featured_media":0,"parent":2003,"menu_order":23,"comment_status":"closed","ping_status":"closed","template":"","meta":[],"_links":{"self":[{"href":"https:\/\/www.quadrics.eu\/es\/wp-json\/wp\/v2\/pages\/2018"}],"collection":[{"href":"https:\/\/www.quadrics.eu\/es\/wp-json\/wp\/v2\/pages"}],"about":[{"href":"https:\/\/www.quadrics.eu\/es\/wp-json\/wp\/v2\/types\/page"}],"author":[{"embeddable":true,"href":"https:\/\/www.quadrics.eu\/es\/wp-json\/wp\/v2\/users\/1"}],"replies":[{"embeddable":true,"href":"https:\/\/www.quadrics.eu\/es\/wp-json\/wp\/v2\/comments?post=2018"}],"version-history":[{"count":2,"href":"https:\/\/www.quadrics.eu\/es\/wp-json\/wp\/v2\/pages\/2018\/revisions"}],"predecessor-version":[{"id":2226,"href":"https:\/\/www.quadrics.eu\/es\/wp-json\/wp\/v2\/pages\/2018\/revisions\/2226"}],"up":[{"embeddable":true,"href":"https:\/\/www.quadrics.eu\/es\/wp-json\/wp\/v2\/pages\/2003"}],"wp:attachment":[{"href":"https:\/\/www.quadrics.eu\/es\/wp-json\/wp\/v2\/media?parent=2018"}],"curies":[{"name":"wp","href":"https:\/\/api.w.org\/{rel}","templated":true}]}}