{"id":2016,"date":"2021-05-05T02:11:02","date_gmt":"2021-05-05T00:11:02","guid":{"rendered":"https:\/\/www.quadrics.eu\/?page_id=2016"},"modified":"2021-05-20T02:03:27","modified_gmt":"2021-05-20T00:03:27","slug":"soporte-a-la-operacion","status":"publish","type":"page","link":"https:\/\/www.quadrics.eu\/es\/productos-y-servicios\/soporte-a-la-operacion\/","title":{"rendered":"Soporte a la Operaci\u00f3n"},"content":{"rendered":"\n<p>El departamento de IT es el responsable de <strong>operar<\/strong> la infraestructura y servicios cr\u00edticos que hacen que la empresa funcione.<\/p>\n\n\n\n<p><\/p>\n\n\n\n<ul><li>El mantenimiento\/soporte de los fabricantes (&#8220;TAC&#8221;) tiene sus prioridades y su forma de entender el servicio \u2026.<\/li><li>\u00bfQui\u00e9n le da soporte a su equipo cuando surge un problema?<\/li><\/ul>\n\n\n\n<p>Si ha pensado que tal vez nosotros podamos hacerlo, est\u00e1 en lo cierto: nuestro equipo tiene m\u00faltiples d\u00e9cadas de experiencia en este \u00e1rea.<\/p>\n","protected":false},"excerpt":{"rendered":"<p>El departamento de IT es el responsable de operar la infraestructura y servicios cr\u00edticos que hacen que la empresa funcione. El mantenimiento\/soporte de los fabricantes (&#8220;TAC&#8221;) tiene sus prioridades y su forma de entender el servicio \u2026. \u00bfQui\u00e9n le da soporte a su equipo cuando surge un problema? Si ha pensado que tal vez nosotros [&hellip;]<\/p>\n","protected":false},"author":1,"featured_media":0,"parent":2003,"menu_order":22,"comment_status":"closed","ping_status":"closed","template":"","meta":[],"_links":{"self":[{"href":"https:\/\/www.quadrics.eu\/es\/wp-json\/wp\/v2\/pages\/2016"}],"collection":[{"href":"https:\/\/www.quadrics.eu\/es\/wp-json\/wp\/v2\/pages"}],"about":[{"href":"https:\/\/www.quadrics.eu\/es\/wp-json\/wp\/v2\/types\/page"}],"author":[{"embeddable":true,"href":"https:\/\/www.quadrics.eu\/es\/wp-json\/wp\/v2\/users\/1"}],"replies":[{"embeddable":true,"href":"https:\/\/www.quadrics.eu\/es\/wp-json\/wp\/v2\/comments?post=2016"}],"version-history":[{"count":2,"href":"https:\/\/www.quadrics.eu\/es\/wp-json\/wp\/v2\/pages\/2016\/revisions"}],"predecessor-version":[{"id":2224,"href":"https:\/\/www.quadrics.eu\/es\/wp-json\/wp\/v2\/pages\/2016\/revisions\/2224"}],"up":[{"embeddable":true,"href":"https:\/\/www.quadrics.eu\/es\/wp-json\/wp\/v2\/pages\/2003"}],"wp:attachment":[{"href":"https:\/\/www.quadrics.eu\/es\/wp-json\/wp\/v2\/media?parent=2016"}],"curies":[{"name":"wp","href":"https:\/\/api.w.org\/{rel}","templated":true}]}}