{"id":2012,"date":"2021-05-05T02:10:17","date_gmt":"2021-05-05T00:10:17","guid":{"rendered":"https:\/\/www.quadrics.eu\/?page_id=2012"},"modified":"2021-05-19T20:29:22","modified_gmt":"2021-05-19T18:29:22","slug":"arquitectura-de-sistemas","status":"publish","type":"page","link":"https:\/\/www.quadrics.eu\/es\/productos-y-servicios\/arquitectura-de-sistemas\/","title":{"rendered":"Arquitectura de Sistemas"},"content":{"rendered":"\n<p>Nuestro <a href=\"https:\/\/www.quadrics.eu\/es\/productos-y-servicios#Servicio_paquetizado\">servicio paquetizado<\/a> de Arquitectura proporciona el asesoramiento experto que su empresa necesita para evitar costosos despliegues fallidos. <\/p>\n\n\n\n<p>Nuestro enfoque &#8220;llave en mano&#8221; nos lleva a acompa\u00f1arles en todo el camino desde las captura de requisitos hasta el despliegue, incluyendo la direcci\u00f3n facultativa de la implementaci\u00f3n si as\u00ed lo requieren: hacemos nuestro su proyecto.<\/p>\n\n\n\n<ul><li>Captura de requisitos<\/li><li>Arquitectura general<\/li><li>Sistemas distribuidos<\/li><li>Sistemas HPC y de prop\u00f3sito espec\u00edfico<\/li><li>Sistemas de alto rendimiento para ingenier\u00eda<\/li><li>Sistemas de almacenamiento de m\u00e1xima escalabilidad<\/li><\/ul>\n","protected":false},"excerpt":{"rendered":"<p>Nuestro servicio paquetizado de Arquitectura proporciona el asesoramiento experto que su empresa necesita para evitar costosos despliegues fallidos. Nuestro enfoque &#8220;llave en mano&#8221; nos lleva a acompa\u00f1arles en todo el camino desde las captura de requisitos hasta el despliegue, incluyendo la direcci\u00f3n facultativa de la implementaci\u00f3n si as\u00ed lo requieren: hacemos nuestro su proyecto. Captura [&hellip;]<\/p>\n","protected":false},"author":1,"featured_media":0,"parent":2003,"menu_order":20,"comment_status":"closed","ping_status":"closed","template":"","meta":[],"_links":{"self":[{"href":"https:\/\/www.quadrics.eu\/es\/wp-json\/wp\/v2\/pages\/2012"}],"collection":[{"href":"https:\/\/www.quadrics.eu\/es\/wp-json\/wp\/v2\/pages"}],"about":[{"href":"https:\/\/www.quadrics.eu\/es\/wp-json\/wp\/v2\/types\/page"}],"author":[{"embeddable":true,"href":"https:\/\/www.quadrics.eu\/es\/wp-json\/wp\/v2\/users\/1"}],"replies":[{"embeddable":true,"href":"https:\/\/www.quadrics.eu\/es\/wp-json\/wp\/v2\/comments?post=2012"}],"version-history":[{"count":2,"href":"https:\/\/www.quadrics.eu\/es\/wp-json\/wp\/v2\/pages\/2012\/revisions"}],"predecessor-version":[{"id":2221,"href":"https:\/\/www.quadrics.eu\/es\/wp-json\/wp\/v2\/pages\/2012\/revisions\/2221"}],"up":[{"embeddable":true,"href":"https:\/\/www.quadrics.eu\/es\/wp-json\/wp\/v2\/pages\/2003"}],"wp:attachment":[{"href":"https:\/\/www.quadrics.eu\/es\/wp-json\/wp\/v2\/media?parent=2012"}],"curies":[{"name":"wp","href":"https:\/\/api.w.org\/{rel}","templated":true}]}}