{"id":2010,"date":"2021-05-05T02:09:56","date_gmt":"2021-05-05T00:09:56","guid":{"rendered":"https:\/\/www.quadrics.eu\/?page_id=2010"},"modified":"2022-06-19T17:10:46","modified_gmt":"2022-06-19T15:10:46","slug":"neti-auth","status":"publish","type":"page","link":"https:\/\/www.quadrics.eu\/es\/productos-y-servicios\/neti-auth\/","title":{"rendered":"Neti Auth"},"content":{"rendered":"\n<p>NETI (beta) es un sistema de autenticaci\u00f3n centralizado para grandes <em>flotas<\/em> de servidores que permite centralizar la gesti\u00f3n de accesos (autenticaci\u00f3n) y permisos (autorizaci\u00f3n) via SSH y su reflejo en usuarios locales.<\/p>\n\n\n\n<p>El origen de Neti radica en nuestra necesidad de poder delegar accesos a conjuntos de servidores de una forma segura y auditable, de una forma <strong>nativa<\/strong> y eficiente y en un modelo multi-tenant y desde el punto de vista de la operaci\u00f3n de la infraestructura &#8212; completamente desligado de, por ejemplo, el MS-ADS [Directorio Activo] de cada cliente.<\/p>\n","protected":false},"excerpt":{"rendered":"<p>NETI (beta) es un sistema de autenticaci\u00f3n centralizado para grandes flotas de servidores que permite centralizar la gesti\u00f3n de accesos (autenticaci\u00f3n) y permisos (autorizaci\u00f3n) via SSH y su reflejo en usuarios locales. El origen de Neti radica en nuestra necesidad de poder delegar accesos a conjuntos de servidores de una forma segura y auditable, de [&hellip;]<\/p>\n","protected":false},"author":1,"featured_media":2188,"parent":2003,"menu_order":13,"comment_status":"closed","ping_status":"closed","template":"template-datasheet.php","meta":[],"_links":{"self":[{"href":"https:\/\/www.quadrics.eu\/es\/wp-json\/wp\/v2\/pages\/2010"}],"collection":[{"href":"https:\/\/www.quadrics.eu\/es\/wp-json\/wp\/v2\/pages"}],"about":[{"href":"https:\/\/www.quadrics.eu\/es\/wp-json\/wp\/v2\/types\/page"}],"author":[{"embeddable":true,"href":"https:\/\/www.quadrics.eu\/es\/wp-json\/wp\/v2\/users\/1"}],"replies":[{"embeddable":true,"href":"https:\/\/www.quadrics.eu\/es\/wp-json\/wp\/v2\/comments?post=2010"}],"version-history":[{"count":3,"href":"https:\/\/www.quadrics.eu\/es\/wp-json\/wp\/v2\/pages\/2010\/revisions"}],"predecessor-version":[{"id":2279,"href":"https:\/\/www.quadrics.eu\/es\/wp-json\/wp\/v2\/pages\/2010\/revisions\/2279"}],"up":[{"embeddable":true,"href":"https:\/\/www.quadrics.eu\/es\/wp-json\/wp\/v2\/pages\/2003"}],"wp:featuredmedia":[{"embeddable":true,"href":"https:\/\/www.quadrics.eu\/es\/wp-json\/wp\/v2\/media\/2188"}],"wp:attachment":[{"href":"https:\/\/www.quadrics.eu\/es\/wp-json\/wp\/v2\/media?parent=2010"}],"curies":[{"name":"wp","href":"https:\/\/api.w.org\/{rel}","templated":true}]}}