{"id":2008,"date":"2021-05-05T02:09:33","date_gmt":"2021-05-05T00:09:33","guid":{"rendered":"https:\/\/www.quadrics.eu\/?page_id=2008"},"modified":"2021-06-03T00:42:57","modified_gmt":"2021-06-02T22:42:57","slug":"galaxynt","status":"publish","type":"page","link":"https:\/\/www.quadrics.eu\/es\/productos-y-servicios\/galaxynt\/","title":{"rendered":"GalaxyNT"},"content":{"rendered":"\n<p>Nuestra familia de <em>appliances<\/em><sup>(<a href=\"#footnote_2008_01\" name=\"fnid_2008_01\" class=\"footnote-link footnote-identifier-link\" title=\"dispositivo [hardware] de red de funci&oacute;n espec&iacute;fica\">1<\/a>)<\/sup> de red cumplen fundamentalmente la funci\u00f3n de <em>firewall<\/em>\/router de altas prestaciones.<\/p>\n\n\n\n<h3>Familia de appliances de Red<\/h3>\n\n\n\n<ul><li>Appliances GalaxyNAT EdgeRouter (firewall)<\/li><li>S.O. de red DosojinOS<span style=\"vertical-align: super; font-size: 60%;\">&reg;<\/span><\/li><li>Gestor de conexiones Akkorokamui<span style=\"vertical-align: super; font-size: 60%;\">&reg;<\/span><\/li><li>Versi\u00f3n &#8220;virtual appliance&#8221; disponible<\/li><\/ul>\n\n\n\n<h2>Caracter\u00edsticas<\/h2>\n\n\n\n<ul><li>Soporte de m\u00faltiples uplinks<\/li><li>Soporte nativo para VPN [GRE,WireGuard]<\/li><li>Firewall [stateful] de altas prestaciones<\/li><li>Gesti\u00f3n\/Redirecci\u00f3n L7, incluidas reescrituras y terminaci\u00f3n SSL<\/li><li>Gesti\u00f3n completa de red: DHCP m\u00faltiple, DNS recursivo (+autorizado local)<\/li><li>Integraci\u00f3n con MS-ADS \/Redes MS Windows<\/li><li>Soporte integrado para Access Points de Ubiquiti<span style=\"vertical-align: super; font-size: 60%;\">&reg;<\/span><\/li><li>Caracter\u00edsticas WiFi avanzadas: red corporativa oculta \/ red de invitados \/ red de dispositivos m\u00f3viles(empleados)<\/li><li><\/li><\/ul>\n\n<div class=\"cmsplus_footnotes\">\n<ol class=\"footnotes\">\n<li id=footnote_2008_01 class=\"footnote\">dispositivo [hardware] de red de funci\u00f3n espec\u00edfica ((<a href=\"#fnid_2008_01\" class=\"footnote-link footnote-back-link\">&#8617;<\/a>))<\/li>\n<\/ol>\n<\/div>\n\n","protected":false},"excerpt":{"rendered":"<p>Nuestra familia de appliances(1) de red cumplen fundamentalmente la funci\u00f3n de firewall\/router de altas prestaciones. Familia de appliances de Red Appliances GalaxyNAT EdgeRouter (firewall) S.O. de red DosojinOS&reg; Gestor de conexiones Akkorokamui&reg; Versi\u00f3n &#8220;virtual appliance&#8221; disponible Caracter\u00edsticas Soporte de m\u00faltiples uplinks Soporte nativo para VPN [GRE,WireGuard] Firewall [stateful] de altas prestaciones Gesti\u00f3n\/Redirecci\u00f3n L7, incluidas reescrituras [&hellip;]<\/p>\n","protected":false},"author":1,"featured_media":0,"parent":2003,"menu_order":12,"comment_status":"closed","ping_status":"closed","template":"","meta":[],"_links":{"self":[{"href":"https:\/\/www.quadrics.eu\/es\/wp-json\/wp\/v2\/pages\/2008"}],"collection":[{"href":"https:\/\/www.quadrics.eu\/es\/wp-json\/wp\/v2\/pages"}],"about":[{"href":"https:\/\/www.quadrics.eu\/es\/wp-json\/wp\/v2\/types\/page"}],"author":[{"embeddable":true,"href":"https:\/\/www.quadrics.eu\/es\/wp-json\/wp\/v2\/users\/1"}],"replies":[{"embeddable":true,"href":"https:\/\/www.quadrics.eu\/es\/wp-json\/wp\/v2\/comments?post=2008"}],"version-history":[{"count":3,"href":"https:\/\/www.quadrics.eu\/es\/wp-json\/wp\/v2\/pages\/2008\/revisions"}],"predecessor-version":[{"id":2234,"href":"https:\/\/www.quadrics.eu\/es\/wp-json\/wp\/v2\/pages\/2008\/revisions\/2234"}],"up":[{"embeddable":true,"href":"https:\/\/www.quadrics.eu\/es\/wp-json\/wp\/v2\/pages\/2003"}],"wp:attachment":[{"href":"https:\/\/www.quadrics.eu\/es\/wp-json\/wp\/v2\/media?parent=2008"}],"curies":[{"name":"wp","href":"https:\/\/api.w.org\/{rel}","templated":true}]}}