{"id":2005,"date":"2021-05-05T02:08:25","date_gmt":"2021-05-05T00:08:25","guid":{"rendered":"https:\/\/www.quadrics.eu\/?page_id=2005"},"modified":"2021-05-19T23:59:54","modified_gmt":"2021-05-19T21:59:54","slug":"cometnas","status":"publish","type":"page","link":"https:\/\/www.quadrics.eu\/es\/productos-y-servicios\/cometnas\/","title":{"rendered":"CometNAS&reg;"},"content":{"rendered":"\n<p>Nuestra gama de productos de almacenamiento, dise\u00f1ados pensando en las \u00e1reas que los grandes fabricantes no suelen cubrir: escalabilidad y muy buen rendimiento a un precio m\u00e1s que ajustado.<\/p>\n\n\n\n<h2>Caracterizaci\u00f3n<\/h2>\n\n\n\n<p>Almacenamiento de bloques (opcionalmente con &#8220;gateway&#8221; NAS) dise\u00f1ado para aplicaciones de archivado y backup a disco &#8230;.<br>\u00a1Aunque no pocos clientes los usan como almacenamiento primario para clusters de virtualizaci\u00f3n!<\/p>\n\n\n\n<ul><li>Almacenamiento secundario:  archivado de documentos, im\u00e1genes de disco de VMs para desarrollo e integraci\u00f3n, etc<\/li><li>Almacenamiento &#8220;templado&#8221; (warm storage): capa <em>de capacidad<\/em>, con un rendimiento moderado-alto pero a un precio contenido<\/li><li>Backup a disco, bien de forma definitiva, bien como spool intermedio antes de su archivado final a cinta LTO<\/li><\/ul>\n\n\n\n<p><\/p>\n","protected":false},"excerpt":{"rendered":"<p>Nuestra gama de productos de almacenamiento, dise\u00f1ados pensando en las \u00e1reas que los grandes fabricantes no suelen cubrir: escalabilidad y muy buen rendimiento a un precio m\u00e1s que ajustado. Caracterizaci\u00f3n Almacenamiento de bloques (opcionalmente con &#8220;gateway&#8221; NAS) dise\u00f1ado para aplicaciones de archivado y backup a disco &#8230;.\u00a1Aunque no pocos clientes los usan como almacenamiento primario [&hellip;]<\/p>\n","protected":false},"author":1,"featured_media":2183,"parent":2003,"menu_order":11,"comment_status":"closed","ping_status":"closed","template":"template-datasheet.php","meta":[],"_links":{"self":[{"href":"https:\/\/www.quadrics.eu\/es\/wp-json\/wp\/v2\/pages\/2005"}],"collection":[{"href":"https:\/\/www.quadrics.eu\/es\/wp-json\/wp\/v2\/pages"}],"about":[{"href":"https:\/\/www.quadrics.eu\/es\/wp-json\/wp\/v2\/types\/page"}],"author":[{"embeddable":true,"href":"https:\/\/www.quadrics.eu\/es\/wp-json\/wp\/v2\/users\/1"}],"replies":[{"embeddable":true,"href":"https:\/\/www.quadrics.eu\/es\/wp-json\/wp\/v2\/comments?post=2005"}],"version-history":[{"count":4,"href":"https:\/\/www.quadrics.eu\/es\/wp-json\/wp\/v2\/pages\/2005\/revisions"}],"predecessor-version":[{"id":2214,"href":"https:\/\/www.quadrics.eu\/es\/wp-json\/wp\/v2\/pages\/2005\/revisions\/2214"}],"up":[{"embeddable":true,"href":"https:\/\/www.quadrics.eu\/es\/wp-json\/wp\/v2\/pages\/2003"}],"wp:featuredmedia":[{"embeddable":true,"href":"https:\/\/www.quadrics.eu\/es\/wp-json\/wp\/v2\/media\/2183"}],"wp:attachment":[{"href":"https:\/\/www.quadrics.eu\/es\/wp-json\/wp\/v2\/media?parent=2005"}],"curies":[{"name":"wp","href":"https:\/\/api.w.org\/{rel}","templated":true}]}}